{"id":2358,"date":"2021-09-06T13:33:02","date_gmt":"2021-09-06T13:33:02","guid":{"rendered":"https:\/\/art-ninatescar.com\/?page_id=2358"},"modified":"2021-09-06T13:33:29","modified_gmt":"2021-09-06T13:33:29","slug":"the-technique-of-nina-tescar-designer-painter","status":"publish","type":"page","link":"https:\/\/art-ninatescar.com\/en\/the-technique-of-nina-tescar-designer-painter\/","title":{"rendered":"The Technique of Nina Tescar Designer &#038; Painter"},"content":{"rendered":"<p>[et_pb_section fb_built=&#8221;1&#8243; _builder_version=&#8221;4.7.7&#8243; _module_preset=&#8221;default&#8221; background_color=&#8221;#191919&#8243; global_colors_info=&#8221;{}&#8221;][et_pb_row column_structure=&#8221;3_5,2_5&#8243; _builder_version=&#8221;4.8.2&#8243; _module_preset=&#8221;default&#8221; width=&#8221;90%&#8221; max_width=&#8221;100%&#8221; module_alignment=&#8221;center&#8221; custom_padding=&#8221;||0px||false|false&#8221; global_colors_info=&#8221;{}&#8221;][et_pb_column type=&#8221;3_5&#8243; _builder_version=&#8221;4.7.7&#8243; _module_preset=&#8221;default&#8221; global_colors_info=&#8221;{}&#8221;][et_pb_text quote_border_color=&#8221;#921148&#8243; _builder_version=&#8221;4.10.6&#8243; _module_preset=&#8221;default&#8221; text_text_color=&#8221;#ffffff&#8221; quote_font=&#8221;||on||||||&#8221; header_text_color=&#8221;#ffffff&#8221; header_line_height=&#8221;1.6em&#8221; header_2_text_color=&#8221;#ffffff&#8221; header_2_line_height=&#8221;2em&#8221; header_3_text_color=&#8221;#ffffff&#8221; header_3_line_height=&#8221;2em&#8221; header_4_font=&#8221;|||||on|||&#8221; header_4_text_color=&#8221;#ffffff&#8221; header_4_font_size=&#8221;20px&#8221; header_4_line_height=&#8221;2.4em&#8221; text_orientation=&#8221;justified&#8221; custom_padding=&#8221;||0px|||&#8221; custom_padding_tablet=&#8221;|20px||20px|false|true&#8221; custom_padding_phone=&#8221;&#8221; custom_padding_last_edited=&#8221;on|phone&#8221; hover_enabled=&#8221;0&#8243; header_line_height_tablet=&#8221;&#8221; header_line_height_phone=&#8221;&#8221; header_line_height_last_edited=&#8221;on|tablet&#8221; header_2_font_size_tablet=&#8221;&#8221; header_2_font_size_phone=&#8221;20px&#8221; header_2_font_size_last_edited=&#8221;on|phone&#8221; global_colors_info=&#8221;{}&#8221; sticky_enabled=&#8221;0&#8243;]<\/p>\n<h1>The unique technique of NINA TESCAR<\/h1>\n<h2>Draughtswoman and Artist-Painter<\/h2>\n<p>I looked for a technique to work on canvas that met my requirements, the fineness of the pattern and the multiple details. As I love drawing, I thought,<\/p>\n<blockquote>\n<p>Why not try to use what I do on paper, adding colour<\/p>\n<\/blockquote>\n<p>So the basis is still drawing and black ink, also coloured ink, pastels and different pens. The difficulty lies in the fact that the image must be fixed.<\/p>\n<p>For this I had to work hard and find a way to do it. For this I use different transparent glues. The glue, depending on the consistency and the overlapping of the layers, changes the colour of certain inks. The drawing changes in a few months.<\/p>\n<p>That&#8217;s why I have to work on two or three paintings at the same time, depending on their condition and progress. It&#8217;s very interesting, because sometimes you get surprises. The glue has several functions, it changes the colour, gives transparency and volume, and above all it fixes the image. This is, in a few words, how I work.<\/p>\n<p>&nbsp;<\/p>\n<h3><\/h3>\n<p>[\/et_pb_text][\/et_pb_column][et_pb_column type=&#8221;2_5&#8243; _builder_version=&#8221;4.7.7&#8243; _module_preset=&#8221;default&#8221; global_colors_info=&#8221;{}&#8221;][et_pb_image src=&#8221;https:\/\/art-ninatescar.com\/wp-content\/uploads\/2021\/06\/Paradis-Promis-Nina-Tescar-evolution.gif&#8221; alt=&#8221;\u00c9volution de la toile Paradis Promis de Nina Tescar&#8221; title_text=&#8221;\u00c9volution de la toile Paradis Promis de Nina Tescar&#8221; _builder_version=&#8221;4.9.4&#8243; _module_preset=&#8221;default&#8221; global_colors_info=&#8221;{}&#8221;][\/et_pb_image][\/et_pb_column][\/et_pb_row][\/et_pb_section][et_pb_section fb_built=&#8221;1&#8243; admin_label=&#8221;Divider Section&#8221; _builder_version=&#8221;4.7.7&#8243; background_color=&#8221;#191919&#8243; custom_padding=&#8221;0px||0px|&#8221; locked=&#8221;off&#8221; global_colors_info=&#8221;{}&#8221;][et_pb_row _builder_version=&#8221;4.7.7&#8243; _module_preset=&#8221;default&#8221; width=&#8221;100%&#8221; max_width=&#8221;90%&#8221; module_alignment=&#8221;center&#8221; global_colors_info=&#8221;{}&#8221;][et_pb_column type=&#8221;4_4&#8243; _builder_version=&#8221;4.7.7&#8243; _module_preset=&#8221;default&#8221; global_colors_info=&#8221;{}&#8221;][et_pb_text quote_border_color=&#8221;#921148&#8243; _builder_version=&#8221;4.10.6&#8243; _module_preset=&#8221;default&#8221; text_text_color=&#8221;#ffffff&#8221; quote_font=&#8221;|||||on|||&#8221; quote_font_size=&#8221;20px&#8221; quote_line_height=&#8221;1.7em&#8221; header_font=&#8221;|||||on|||&#8221; header_text_align=&#8221;center&#8221; header_text_color=&#8221;rgba(255,255,255,0.53)&#8221; header_2_text_color=&#8221;#ffffff&#8221; header_2_line_height=&#8221;2em&#8221; header_3_text_color=&#8221;#ffffff&#8221; header_3_line_height=&#8221;2em&#8221; header_4_font=&#8221;|||||on|||&#8221; header_4_text_color=&#8221;#ffffff&#8221; header_4_font_size=&#8221;20px&#8221; header_4_line_height=&#8221;2.4em&#8221; text_orientation=&#8221;justified&#8221; custom_padding=&#8221;||0px|||&#8221; hover_enabled=&#8221;0&#8243; header_font_size_tablet=&#8221;25px&#8221; header_font_size_phone=&#8221;&#8221; header_font_size_last_edited=&#8221;on|phone&#8221; header_line_height_tablet=&#8221;&#8221; header_line_height_phone=&#8221;1.5em&#8221; header_line_height_last_edited=&#8221;on|phone&#8221; global_colors_info=&#8221;{}&#8221; sticky_enabled=&#8221;0&#8243;]<\/p>\n<h1>I am used to working in silence and expressing myself through my paintings<\/h1>\n<p>[\/et_pb_text][\/et_pb_column][\/et_pb_row][et_pb_row _builder_version=&#8221;4.7.7&#8243; _module_preset=&#8221;default&#8221; width=&#8221;100%&#8221; max_width=&#8221;100%&#8221; custom_margin=&#8221;||||false|false&#8221; custom_padding=&#8221;0px||0px||true|false&#8221; global_colors_info=&#8221;{}&#8221;][et_pb_column type=&#8221;4_4&#8243; _builder_version=&#8221;4.7.7&#8243; _module_preset=&#8221;default&#8221; global_colors_info=&#8221;{}&#8221;][\/et_pb_column][\/et_pb_row][\/et_pb_section]<\/p>\n","protected":false},"excerpt":{"rendered":"<p>The unique technique of NINA TESCAR Draughtswoman and Artist-Painter I looked for a technique to work on canvas that met my requirements, the fineness of the pattern and the multiple details. As I love drawing, I thought, Why not try to use what I do on paper, adding colour So the basis is still drawing [&hellip;]<\/p>\n","protected":false},"author":1,"featured_media":2311,"parent":0,"menu_order":0,"comment_status":"closed","ping_status":"closed","template":"","meta":{"_et_pb_use_builder":"on","_et_pb_old_content":"<p>[et_pb_section fb_built=\"1\" _builder_version=\"4.7.7\" _module_preset=\"default\" background_color=\"#191919\"][et_pb_row column_structure=\"3_5,2_5\" _builder_version=\"4.8.2\" _module_preset=\"default\" width=\"90%\" max_width=\"100%\" module_alignment=\"center\" custom_padding=\"||0px||false|false\"][et_pb_column type=\"3_5\" _builder_version=\"4.7.7\" _module_preset=\"default\"][et_pb_text quote_border_color=\"#921148\" _builder_version=\"4.9.4\" _module_preset=\"default\" text_text_color=\"#ffffff\" quote_font=\"||on||||||\" header_text_color=\"#ffffff\" header_line_height=\"1.6em\" header_2_text_color=\"#ffffff\" header_2_line_height=\"2em\" header_3_text_color=\"#ffffff\" header_3_line_height=\"2em\" header_4_font=\"|||||on|||\" header_4_text_color=\"#ffffff\" header_4_font_size=\"20px\" header_4_line_height=\"2.4em\" text_orientation=\"justified\" custom_padding=\"||0px|||\" custom_padding_tablet=\"|20px||20px|false|true\" custom_padding_phone=\"\" custom_padding_last_edited=\"on|phone\" hover_enabled=\"0\" header_line_height_tablet=\"\" header_line_height_phone=\"\" header_line_height_last_edited=\"on|tablet\" header_2_font_size_tablet=\"\" header_2_font_size_phone=\"20px\" header_2_font_size_last_edited=\"on|phone\" sticky_enabled=\"0\"]<\/p><h1>La technique unique de NINA TESCAR<\/h1><h2>Dessinatrice et Artiste-Peintre<\/h2><p>J'ai cherch\u00e9 une technique de travail sur toile qui r\u00e9pond \u00e0 mes exigences, la finesse du motif et les multiples d\u00e9tails.\u00a0 Comme j'adore le dessin, j'ai pens\u00e9,<\/p><blockquote><p>Pourquoi ne pas essayer d\u2019utiliser ce que je fais sur le papier, en ajoutant de la couleur<\/p><\/blockquote><p>La base reste donc le dessin et l'encre noire, aussi l\u2019encre de couleur, des pastels et diff\u00e9rents stylos. La difficult\u00e9 r\u00e9side dans le fait que l'image doit \u00eatre fix\u00e9e.\u00a0<\/p><p>Pour cela, j'ai d\u00fb travailler dur et trouver un moyen de le faire. Pour ce faire, j'utilise diff\u00e9rentes colles transparentes. La colle, selon la consistance et la superposition des couches, change la couleur de certaines encres. Le dessin s'y transforme en quelques mois.<\/p><p>C'est pourquoi je dois travailler sur deux ou trois tableaux en m\u00eame temps, en fonction de leur \u00e9tat et progression.\u00a0 C\u2019est tr\u00e8s int\u00e9ressant, car on a parfois des surprises.\u00a0 La colle remplit plusieurs fonctions, elle change la couleur, donne de la transparence et du volume, et surtout elle fixe l'image. Voici, en quelques mots, comment je travaille.\u00a0<\/p><p>\u00a0<\/p><h3>\u00a0<\/h3><p>[\/et_pb_text][\/et_pb_column][et_pb_column type=\"2_5\" _builder_version=\"4.7.7\" _module_preset=\"default\"][et_pb_image src=\"https:\/\/art-ninatescar.com\/wp-content\/uploads\/2021\/06\/Paradis-Promis-Nina-Tescar-evolution.gif\" alt=\"\u00c9volution de la toile Paradis Promis de Nina Tescar\" title_text=\"\u00c9volution de la toile Paradis Promis de Nina Tescar\" _builder_version=\"4.9.4\" _module_preset=\"default\" hover_enabled=\"0\" sticky_enabled=\"0\"][\/et_pb_image][\/et_pb_column][\/et_pb_row][\/et_pb_section][et_pb_section fb_built=\"1\" admin_label=\"Divider Section\" _builder_version=\"4.7.7\" background_color=\"#191919\" custom_padding=\"0px||0px|\" locked=\"off\"][et_pb_row _builder_version=\"4.7.7\" _module_preset=\"default\" width=\"100%\" max_width=\"90%\" module_alignment=\"center\"][et_pb_column type=\"4_4\" _builder_version=\"4.7.7\" _module_preset=\"default\"][et_pb_text quote_border_color=\"#921148\" _builder_version=\"4.9.0\" _module_preset=\"default\" text_text_color=\"#ffffff\" quote_font=\"|||||on|||\" quote_font_size=\"20px\" quote_line_height=\"1.7em\" header_font=\"|||||on|||\" header_text_align=\"center\" header_text_color=\"rgba(255,255,255,0.53)\" header_2_text_color=\"#ffffff\" header_2_line_height=\"2em\" header_3_text_color=\"#ffffff\" header_3_line_height=\"2em\" header_4_font=\"|||||on|||\" header_4_text_color=\"#ffffff\" header_4_font_size=\"20px\" header_4_line_height=\"2.4em\" text_orientation=\"justified\" custom_padding=\"||0px|||\" header_font_size_tablet=\"25px\" header_font_size_phone=\"\" header_font_size_last_edited=\"on|phone\" header_line_height_tablet=\"\" header_line_height_phone=\"1.5em\" header_line_height_last_edited=\"on|phone\"]<\/p><h1>Je suis habitu\u00e9e \u00e0 travailler en silence et \u00e0 m\u2019exprimer \u00e0 travers mes tableaux<\/h1><p>[\/et_pb_text][\/et_pb_column][\/et_pb_row][et_pb_row _builder_version=\"4.7.7\" _module_preset=\"default\" width=\"100%\" max_width=\"100%\" custom_margin=\"||||false|false\" custom_padding=\"0px||0px||true|false\"][et_pb_column type=\"4_4\" _builder_version=\"4.7.7\" _module_preset=\"default\"][\/et_pb_column][\/et_pb_row][\/et_pb_section]<\/p>","_et_gb_content_width":"","footnotes":""},"class_list":["post-2358","page","type-page","status-publish","has-post-thumbnail","hentry"],"jetpack_sharing_enabled":true,"_links":{"self":[{"href":"https:\/\/art-ninatescar.com\/en\/wp-json\/wp\/v2\/pages\/2358","targetHints":{"allow":["GET"]}}],"collection":[{"href":"https:\/\/art-ninatescar.com\/en\/wp-json\/wp\/v2\/pages"}],"about":[{"href":"https:\/\/art-ninatescar.com\/en\/wp-json\/wp\/v2\/types\/page"}],"author":[{"embeddable":true,"href":"https:\/\/art-ninatescar.com\/en\/wp-json\/wp\/v2\/users\/1"}],"replies":[{"embeddable":true,"href":"https:\/\/art-ninatescar.com\/en\/wp-json\/wp\/v2\/comments?post=2358"}],"version-history":[{"count":6,"href":"https:\/\/art-ninatescar.com\/en\/wp-json\/wp\/v2\/pages\/2358\/revisions"}],"predecessor-version":[{"id":2366,"href":"https:\/\/art-ninatescar.com\/en\/wp-json\/wp\/v2\/pages\/2358\/revisions\/2366"}],"wp:featuredmedia":[{"embeddable":true,"href":"https:\/\/art-ninatescar.com\/en\/wp-json\/wp\/v2\/media\/2311"}],"wp:attachment":[{"href":"https:\/\/art-ninatescar.com\/en\/wp-json\/wp\/v2\/media?parent=2358"}],"curies":[{"name":"wp","href":"https:\/\/api.w.org\/{rel}","templated":true}]}}